{"id":937,"date":"2023-08-01T00:34:48","date_gmt":"2023-08-01T00:34:48","guid":{"rendered":"https:\/\/martecpackaging.com\/es\/?post_type=product&#038;p=937"},"modified":"2025-06-02T16:26:02","modified_gmt":"2025-06-02T16:26:02","slug":"product-can-carrier-6-pack-standard","status":"publish","type":"product","link":"https:\/\/martecpackaging.com\/es\/producto\/product-can-carrier-6-pack-standard\/","title":{"rendered":"Can Carrier 6 Pack Est\u00e1ndar"},"content":{"rendered":"","protected":false},"excerpt":{"rendered":"<p><span style=\"vertical-align: inherit;\">Porta latas de papel ecol\u00f3gico, 100% reciclable. Dise\u00f1ado para minimizar la cantidad de material utilizado para su fabricaci\u00f3n, garantizando resistencia a la humedad y un fuerte agarre de las latas.<\/span><\/p>\n<p>Opciones de personalizaci\u00f3n: Eco Kraft, Negro, Blanco, Impresi\u00f3n Full Color.<\/p>\n<p>&nbsp;<\/p>\n<p>*PCT\/CL 2020\/050018 &#8211; 78519\/CL<\/p>\n","protected":false},"featured_media":1505,"comment_status":"open","ping_status":"closed","template":"","meta":{"_acf_changed":false},"product_cat":[84],"product_tag":[],"class_list":{"0":"post-937","1":"product","2":"type-product","3":"status-publish","4":"has-post-thumbnail","6":"product_cat-stardard","7":"pa_color-eco","8":"pa_color-white","9":"pa_color-black","11":"first","12":"instock","13":"product-type-simple"},"acf":[],"yoast_head":"<!-- This site is optimized with the Yoast SEO plugin v23.2 - https:\/\/yoast.com\/wordpress\/plugins\/seo\/ -->\n<title>Can Carrier 6 Pack - Standard Size, Durable &amp; Convenient<\/title>\n<meta name=\"description\" content=\"Get our Can Carrier 6 Pack Standard for reliable can transport. Durable, practical, and perfect for all your needs. Buy now!\" \/>\n<meta name=\"robots\" content=\"index, follow, max-snippet:-1, max-image-preview:large, max-video-preview:-1\" \/>\n<link rel=\"canonical\" href=\"https:\/\/martecpackaging.com\/es\/producto\/product-can-carrier-6-pack-standard\/\" \/>\n<meta property=\"og:locale\" content=\"es_ES\" \/>\n<meta property=\"og:type\" content=\"article\" \/>\n<meta property=\"og:title\" content=\"Can Carrier 6 Pack - Standard Size, Durable &amp; Convenient\" \/>\n<meta property=\"og:description\" content=\"Get our Can Carrier 6 Pack Standard for reliable can transport. Durable, practical, and perfect for all your needs. Buy now!\" \/>\n<meta property=\"og:url\" content=\"https:\/\/martecpackaging.com\/es\/producto\/product-can-carrier-6-pack-standard\/\" \/>\n<meta property=\"og:site_name\" content=\"martec cancarriers\" \/>\n<meta property=\"article:publisher\" content=\"https:\/\/www.facebook.com\/profile.php?id=100083569669405\" \/>\n<meta property=\"article:modified_time\" content=\"2025-06-02T16:26:02+00:00\" \/>\n<meta property=\"og:image\" content=\"https:\/\/martecpackaging.com\/es\/wp-content\/uploads\/2023\/08\/6pack-STD-eco1-scaled.jpg\" \/>\n\t<meta property=\"og:image:width\" content=\"2560\" \/>\n\t<meta property=\"og:image:height\" content=\"2560\" \/>\n\t<meta property=\"og:image:type\" content=\"image\/jpeg\" \/>\n<meta name=\"twitter:card\" content=\"summary_large_image\" \/>\n<meta name=\"twitter:label1\" content=\"Tiempo estimado de lectura\" \/>\n\t<meta name=\"twitter:data1\" content=\"1 minuto\" \/>\n<script type=\"application\/ld+json\" class=\"yoast-schema-graph\">{\"@context\":\"https:\/\/schema.org\",\"@graph\":[{\"@type\":\"WebPage\",\"@id\":\"https:\/\/martecpackaging.com\/es\/producto\/product-can-carrier-6-pack-standard\/\",\"url\":\"https:\/\/martecpackaging.com\/es\/producto\/product-can-carrier-6-pack-standard\/\",\"name\":\"Can Carrier 6 Pack - Standard Size, Durable & Convenient\",\"isPartOf\":{\"@id\":\"https:\/\/martecpackaging.com\/es\/#website\"},\"primaryImageOfPage\":{\"@id\":\"https:\/\/martecpackaging.com\/es\/producto\/product-can-carrier-6-pack-standard\/#primaryimage\"},\"image\":{\"@id\":\"https:\/\/martecpackaging.com\/es\/producto\/product-can-carrier-6-pack-standard\/#primaryimage\"},\"thumbnailUrl\":\"https:\/\/martecpackaging.com\/es\/wp-content\/uploads\/2023\/08\/6pack-STD-eco1-scaled.jpg\",\"datePublished\":\"2023-08-01T00:34:48+00:00\",\"dateModified\":\"2025-06-02T16:26:02+00:00\",\"description\":\"Get our Can Carrier 6 Pack Standard for reliable can transport. Durable, practical, and perfect for all your needs. Buy now!\",\"breadcrumb\":{\"@id\":\"https:\/\/martecpackaging.com\/es\/producto\/product-can-carrier-6-pack-standard\/#breadcrumb\"},\"inLanguage\":\"es-CL\",\"potentialAction\":[{\"@type\":\"ReadAction\",\"target\":[\"https:\/\/martecpackaging.com\/es\/producto\/product-can-carrier-6-pack-standard\/\"]}]},{\"@type\":\"ImageObject\",\"inLanguage\":\"es-CL\",\"@id\":\"https:\/\/martecpackaging.com\/es\/producto\/product-can-carrier-6-pack-standard\/#primaryimage\",\"url\":\"https:\/\/martecpackaging.com\/es\/wp-content\/uploads\/2023\/08\/6pack-STD-eco1-scaled.jpg\",\"contentUrl\":\"https:\/\/martecpackaging.com\/es\/wp-content\/uploads\/2023\/08\/6pack-STD-eco1-scaled.jpg\",\"width\":2560,\"height\":2560},{\"@type\":\"BreadcrumbList\",\"@id\":\"https:\/\/martecpackaging.com\/es\/producto\/product-can-carrier-6-pack-standard\/#breadcrumb\",\"itemListElement\":[{\"@type\":\"ListItem\",\"position\":1,\"name\":\"Home\",\"item\":\"https:\/\/martecpackaging.com\/es\/\"},{\"@type\":\"ListItem\",\"position\":2,\"name\":\"Tienda\",\"item\":\"https:\/\/martecpackaging.com\/es\/shop\/\"},{\"@type\":\"ListItem\",\"position\":3,\"name\":\"Can Carrier 6 Pack Est\u00e1ndar\"}]},{\"@type\":\"WebSite\",\"@id\":\"https:\/\/martecpackaging.com\/es\/#website\",\"url\":\"https:\/\/martecpackaging.com\/es\/\",\"name\":\"martec cancarriers\",\"description\":\"Eco-Friendly Can Carriers &amp; Packaging Solutions for Wineries, Breweries, and Beverage Businesses\",\"publisher\":{\"@id\":\"https:\/\/martecpackaging.com\/es\/#organization\"},\"potentialAction\":[{\"@type\":\"SearchAction\",\"target\":{\"@type\":\"EntryPoint\",\"urlTemplate\":\"https:\/\/martecpackaging.com\/es\/?s={search_term_string}\"},\"query-input\":\"required name=search_term_string\"}],\"inLanguage\":\"es-CL\"},{\"@type\":\"Organization\",\"@id\":\"https:\/\/martecpackaging.com\/es\/#organization\",\"name\":\"martec cancarriers\",\"url\":\"https:\/\/martecpackaging.com\/es\/\",\"logo\":{\"@type\":\"ImageObject\",\"inLanguage\":\"es-CL\",\"@id\":\"https:\/\/martecpackaging.com\/es\/#\/schema\/logo\/image\/\",\"url\":\"https:\/\/martecpackaging.com\/es\/wp-content\/uploads\/2023\/07\/logoBanner.png\",\"contentUrl\":\"https:\/\/martecpackaging.com\/es\/wp-content\/uploads\/2023\/07\/logoBanner.png\",\"width\":700,\"height\":116,\"caption\":\"martec cancarriers\"},\"image\":{\"@id\":\"https:\/\/martecpackaging.com\/es\/#\/schema\/logo\/image\/\"},\"sameAs\":[\"https:\/\/www.facebook.com\/profile.php?id=100083569669405\",\"https:\/\/www.instagram.com\/martec_cancarriers\/\",\"https:\/\/www.linkedin.com\/company\/martec-cancarriers\/\"]}]}<\/script>\n<!-- \/ Yoast SEO plugin. -->","yoast_head_json":{"title":"Can Carrier 6 Pack - Standard Size, Durable & Convenient","description":"Get our Can Carrier 6 Pack Standard for reliable can transport. Durable, practical, and perfect for all your needs. Buy now!","robots":{"index":"index","follow":"follow","max-snippet":"max-snippet:-1","max-image-preview":"max-image-preview:large","max-video-preview":"max-video-preview:-1"},"canonical":"https:\/\/martecpackaging.com\/es\/producto\/product-can-carrier-6-pack-standard\/","og_locale":"es_ES","og_type":"article","og_title":"Can Carrier 6 Pack - Standard Size, Durable & Convenient","og_description":"Get our Can Carrier 6 Pack Standard for reliable can transport. Durable, practical, and perfect for all your needs. Buy now!","og_url":"https:\/\/martecpackaging.com\/es\/producto\/product-can-carrier-6-pack-standard\/","og_site_name":"martec cancarriers","article_publisher":"https:\/\/www.facebook.com\/profile.php?id=100083569669405","article_modified_time":"2025-06-02T16:26:02+00:00","og_image":[{"width":2560,"height":2560,"url":"https:\/\/martecpackaging.com\/es\/wp-content\/uploads\/2023\/08\/6pack-STD-eco1-scaled.jpg","type":"image\/jpeg"}],"twitter_card":"summary_large_image","twitter_misc":{"Tiempo estimado de lectura":"1 minuto"},"schema":{"@context":"https:\/\/schema.org","@graph":[{"@type":"WebPage","@id":"https:\/\/martecpackaging.com\/es\/producto\/product-can-carrier-6-pack-standard\/","url":"https:\/\/martecpackaging.com\/es\/producto\/product-can-carrier-6-pack-standard\/","name":"Can Carrier 6 Pack - Standard Size, Durable & Convenient","isPartOf":{"@id":"https:\/\/martecpackaging.com\/es\/#website"},"primaryImageOfPage":{"@id":"https:\/\/martecpackaging.com\/es\/producto\/product-can-carrier-6-pack-standard\/#primaryimage"},"image":{"@id":"https:\/\/martecpackaging.com\/es\/producto\/product-can-carrier-6-pack-standard\/#primaryimage"},"thumbnailUrl":"https:\/\/martecpackaging.com\/es\/wp-content\/uploads\/2023\/08\/6pack-STD-eco1-scaled.jpg","datePublished":"2023-08-01T00:34:48+00:00","dateModified":"2025-06-02T16:26:02+00:00","description":"Get our Can Carrier 6 Pack Standard for reliable can transport. Durable, practical, and perfect for all your needs. Buy now!","breadcrumb":{"@id":"https:\/\/martecpackaging.com\/es\/producto\/product-can-carrier-6-pack-standard\/#breadcrumb"},"inLanguage":"es-CL","potentialAction":[{"@type":"ReadAction","target":["https:\/\/martecpackaging.com\/es\/producto\/product-can-carrier-6-pack-standard\/"]}]},{"@type":"ImageObject","inLanguage":"es-CL","@id":"https:\/\/martecpackaging.com\/es\/producto\/product-can-carrier-6-pack-standard\/#primaryimage","url":"https:\/\/martecpackaging.com\/es\/wp-content\/uploads\/2023\/08\/6pack-STD-eco1-scaled.jpg","contentUrl":"https:\/\/martecpackaging.com\/es\/wp-content\/uploads\/2023\/08\/6pack-STD-eco1-scaled.jpg","width":2560,"height":2560},{"@type":"BreadcrumbList","@id":"https:\/\/martecpackaging.com\/es\/producto\/product-can-carrier-6-pack-standard\/#breadcrumb","itemListElement":[{"@type":"ListItem","position":1,"name":"Home","item":"https:\/\/martecpackaging.com\/es\/"},{"@type":"ListItem","position":2,"name":"Tienda","item":"https:\/\/martecpackaging.com\/es\/shop\/"},{"@type":"ListItem","position":3,"name":"Can Carrier 6 Pack Est\u00e1ndar"}]},{"@type":"WebSite","@id":"https:\/\/martecpackaging.com\/es\/#website","url":"https:\/\/martecpackaging.com\/es\/","name":"martec cancarriers","description":"Eco-Friendly Can Carriers &amp; Packaging Solutions for Wineries, Breweries, and Beverage Businesses","publisher":{"@id":"https:\/\/martecpackaging.com\/es\/#organization"},"potentialAction":[{"@type":"SearchAction","target":{"@type":"EntryPoint","urlTemplate":"https:\/\/martecpackaging.com\/es\/?s={search_term_string}"},"query-input":"required name=search_term_string"}],"inLanguage":"es-CL"},{"@type":"Organization","@id":"https:\/\/martecpackaging.com\/es\/#organization","name":"martec cancarriers","url":"https:\/\/martecpackaging.com\/es\/","logo":{"@type":"ImageObject","inLanguage":"es-CL","@id":"https:\/\/martecpackaging.com\/es\/#\/schema\/logo\/image\/","url":"https:\/\/martecpackaging.com\/es\/wp-content\/uploads\/2023\/07\/logoBanner.png","contentUrl":"https:\/\/martecpackaging.com\/es\/wp-content\/uploads\/2023\/07\/logoBanner.png","width":700,"height":116,"caption":"martec cancarriers"},"image":{"@id":"https:\/\/martecpackaging.com\/es\/#\/schema\/logo\/image\/"},"sameAs":["https:\/\/www.facebook.com\/profile.php?id=100083569669405","https:\/\/www.instagram.com\/martec_cancarriers\/","https:\/\/www.linkedin.com\/company\/martec-cancarriers\/"]}]}},"_links":{"self":[{"href":"https:\/\/martecpackaging.com\/es\/wp-json\/wp\/v2\/product\/937"}],"collection":[{"href":"https:\/\/martecpackaging.com\/es\/wp-json\/wp\/v2\/product"}],"about":[{"href":"https:\/\/martecpackaging.com\/es\/wp-json\/wp\/v2\/types\/product"}],"replies":[{"embeddable":true,"href":"https:\/\/martecpackaging.com\/es\/wp-json\/wp\/v2\/comments?post=937"}],"wp:featuredmedia":[{"embeddable":true,"href":"https:\/\/martecpackaging.com\/es\/wp-json\/wp\/v2\/media\/1505"}],"wp:attachment":[{"href":"https:\/\/martecpackaging.com\/es\/wp-json\/wp\/v2\/media?parent=937"}],"wp:term":[{"taxonomy":"product_cat","embeddable":true,"href":"https:\/\/martecpackaging.com\/es\/wp-json\/wp\/v2\/product_cat?post=937"},{"taxonomy":"product_tag","embeddable":true,"href":"https:\/\/martecpackaging.com\/es\/wp-json\/wp\/v2\/product_tag?post=937"}],"curies":[{"name":"wp","href":"https:\/\/api.w.org\/{rel}","templated":true}]}}