{"id":1068,"date":"2023-09-01T03:13:29","date_gmt":"2023-09-01T03:13:29","guid":{"rendered":"https:\/\/martecpackaging.com\/es\/?post_type=product&#038;p=1068"},"modified":"2025-04-04T15:46:54","modified_gmt":"2025-04-04T15:46:54","slug":"standar-cans-6-pack-handheld-applicator","status":"publish","type":"product","link":"https:\/\/martecpackaging.com\/es\/producto\/standar-cans-6-pack-handheld-applicator\/","title":{"rendered":"Aplicador manual para 6 Pack Est\u00e1ndar"},"content":{"rendered":"","protected":false},"excerpt":{"rendered":"<p>Aplicador manual, ligero y f\u00e1cil de usar. Aplica un can carrier a la vez, dise\u00f1ado para 6 pack Est\u00e1ndar.<\/p>\n<p>&nbsp;<\/p>\n<p>*PCT\/CL 2024\/050009<\/p>\n","protected":false},"featured_media":1529,"comment_status":"open","ping_status":"closed","template":"","meta":{"_acf_changed":false},"product_cat":[88],"product_tag":[],"class_list":{"0":"post-1068","1":"product","2":"type-product","3":"status-publish","4":"has-post-thumbnail","6":"product_cat-aplicadores-manuales","8":"first","9":"instock","10":"product-type-simple"},"acf":[],"yoast_head":"<!-- This site is optimized with the Yoast SEO plugin v23.2 - https:\/\/yoast.com\/wordpress\/plugins\/seo\/ -->\n<title>Aplicador manual para 6 Pack Est\u00e1ndar - martec cancarriers<\/title>\n<meta name=\"robots\" content=\"index, follow, max-snippet:-1, max-image-preview:large, max-video-preview:-1\" \/>\n<link rel=\"canonical\" href=\"https:\/\/martecpackaging.com\/es\/producto\/standar-cans-6-pack-handheld-applicator\/\" \/>\n<meta property=\"og:locale\" content=\"es_ES\" \/>\n<meta property=\"og:type\" content=\"article\" \/>\n<meta property=\"og:title\" content=\"Aplicador manual para 6 Pack Est\u00e1ndar - martec cancarriers\" \/>\n<meta property=\"og:description\" content=\"Aplicador manual, ligero y f\u00e1cil de usar. Aplica un can carrier a la vez, dise\u00f1ado para 6 pack Est\u00e1ndar.  &nbsp;  *PCT\/CL 2024\/050009\" \/>\n<meta property=\"og:url\" content=\"https:\/\/martecpackaging.com\/es\/producto\/standar-cans-6-pack-handheld-applicator\/\" \/>\n<meta property=\"og:site_name\" content=\"martec cancarriers\" \/>\n<meta property=\"article:publisher\" content=\"https:\/\/www.facebook.com\/profile.php?id=100083569669405\" \/>\n<meta property=\"article:modified_time\" content=\"2025-04-04T15:46:54+00:00\" \/>\n<meta property=\"og:image\" content=\"https:\/\/martecpackaging.com\/es\/wp-content\/uploads\/2023\/09\/9-1.png\" \/>\n\t<meta property=\"og:image:width\" content=\"1024\" \/>\n\t<meta property=\"og:image:height\" content=\"1024\" \/>\n\t<meta property=\"og:image:type\" content=\"image\/png\" \/>\n<meta name=\"twitter:card\" content=\"summary_large_image\" \/>\n<meta name=\"twitter:label1\" content=\"Tiempo estimado de lectura\" \/>\n\t<meta name=\"twitter:data1\" content=\"1 minuto\" \/>\n<script type=\"application\/ld+json\" class=\"yoast-schema-graph\">{\"@context\":\"https:\/\/schema.org\",\"@graph\":[{\"@type\":\"WebPage\",\"@id\":\"https:\/\/martecpackaging.com\/es\/producto\/standar-cans-6-pack-handheld-applicator\/\",\"url\":\"https:\/\/martecpackaging.com\/es\/producto\/standar-cans-6-pack-handheld-applicator\/\",\"name\":\"Aplicador manual para 6 Pack Est\u00e1ndar - martec cancarriers\",\"isPartOf\":{\"@id\":\"https:\/\/martecpackaging.com\/es\/#website\"},\"primaryImageOfPage\":{\"@id\":\"https:\/\/martecpackaging.com\/es\/producto\/standar-cans-6-pack-handheld-applicator\/#primaryimage\"},\"image\":{\"@id\":\"https:\/\/martecpackaging.com\/es\/producto\/standar-cans-6-pack-handheld-applicator\/#primaryimage\"},\"thumbnailUrl\":\"https:\/\/martecpackaging.com\/es\/wp-content\/uploads\/2023\/09\/9-1.png\",\"datePublished\":\"2023-09-01T03:13:29+00:00\",\"dateModified\":\"2025-04-04T15:46:54+00:00\",\"breadcrumb\":{\"@id\":\"https:\/\/martecpackaging.com\/es\/producto\/standar-cans-6-pack-handheld-applicator\/#breadcrumb\"},\"inLanguage\":\"es-CL\",\"potentialAction\":[{\"@type\":\"ReadAction\",\"target\":[\"https:\/\/martecpackaging.com\/es\/producto\/standar-cans-6-pack-handheld-applicator\/\"]}]},{\"@type\":\"ImageObject\",\"inLanguage\":\"es-CL\",\"@id\":\"https:\/\/martecpackaging.com\/es\/producto\/standar-cans-6-pack-handheld-applicator\/#primaryimage\",\"url\":\"https:\/\/martecpackaging.com\/es\/wp-content\/uploads\/2023\/09\/9-1.png\",\"contentUrl\":\"https:\/\/martecpackaging.com\/es\/wp-content\/uploads\/2023\/09\/9-1.png\",\"width\":1024,\"height\":1024},{\"@type\":\"BreadcrumbList\",\"@id\":\"https:\/\/martecpackaging.com\/es\/producto\/standar-cans-6-pack-handheld-applicator\/#breadcrumb\",\"itemListElement\":[{\"@type\":\"ListItem\",\"position\":1,\"name\":\"Home\",\"item\":\"https:\/\/martecpackaging.com\/es\/\"},{\"@type\":\"ListItem\",\"position\":2,\"name\":\"Tienda\",\"item\":\"https:\/\/martecpackaging.com\/es\/shop\/\"},{\"@type\":\"ListItem\",\"position\":3,\"name\":\"Aplicador manual para 6 Pack Est\u00e1ndar\"}]},{\"@type\":\"WebSite\",\"@id\":\"https:\/\/martecpackaging.com\/es\/#website\",\"url\":\"https:\/\/martecpackaging.com\/es\/\",\"name\":\"martec cancarriers\",\"description\":\"Eco-Friendly Can Carriers &amp; Packaging Solutions for Wineries, Breweries, and Beverage Businesses\",\"publisher\":{\"@id\":\"https:\/\/martecpackaging.com\/es\/#organization\"},\"potentialAction\":[{\"@type\":\"SearchAction\",\"target\":{\"@type\":\"EntryPoint\",\"urlTemplate\":\"https:\/\/martecpackaging.com\/es\/?s={search_term_string}\"},\"query-input\":\"required name=search_term_string\"}],\"inLanguage\":\"es-CL\"},{\"@type\":\"Organization\",\"@id\":\"https:\/\/martecpackaging.com\/es\/#organization\",\"name\":\"martec cancarriers\",\"url\":\"https:\/\/martecpackaging.com\/es\/\",\"logo\":{\"@type\":\"ImageObject\",\"inLanguage\":\"es-CL\",\"@id\":\"https:\/\/martecpackaging.com\/es\/#\/schema\/logo\/image\/\",\"url\":\"https:\/\/martecpackaging.com\/es\/wp-content\/uploads\/2023\/07\/logoBanner.png\",\"contentUrl\":\"https:\/\/martecpackaging.com\/es\/wp-content\/uploads\/2023\/07\/logoBanner.png\",\"width\":700,\"height\":116,\"caption\":\"martec cancarriers\"},\"image\":{\"@id\":\"https:\/\/martecpackaging.com\/es\/#\/schema\/logo\/image\/\"},\"sameAs\":[\"https:\/\/www.facebook.com\/profile.php?id=100083569669405\",\"https:\/\/www.instagram.com\/martec_cancarriers\/\",\"https:\/\/www.linkedin.com\/company\/martec-cancarriers\/\"]}]}<\/script>\n<!-- \/ Yoast SEO plugin. -->","yoast_head_json":{"title":"Aplicador manual para 6 Pack Est\u00e1ndar - martec cancarriers","robots":{"index":"index","follow":"follow","max-snippet":"max-snippet:-1","max-image-preview":"max-image-preview:large","max-video-preview":"max-video-preview:-1"},"canonical":"https:\/\/martecpackaging.com\/es\/producto\/standar-cans-6-pack-handheld-applicator\/","og_locale":"es_ES","og_type":"article","og_title":"Aplicador manual para 6 Pack Est\u00e1ndar - martec cancarriers","og_description":"Aplicador manual, ligero y f\u00e1cil de usar. Aplica un can carrier a la vez, dise\u00f1ado para 6 pack Est\u00e1ndar.  &nbsp;  *PCT\/CL 2024\/050009","og_url":"https:\/\/martecpackaging.com\/es\/producto\/standar-cans-6-pack-handheld-applicator\/","og_site_name":"martec cancarriers","article_publisher":"https:\/\/www.facebook.com\/profile.php?id=100083569669405","article_modified_time":"2025-04-04T15:46:54+00:00","og_image":[{"width":1024,"height":1024,"url":"https:\/\/martecpackaging.com\/es\/wp-content\/uploads\/2023\/09\/9-1.png","type":"image\/png"}],"twitter_card":"summary_large_image","twitter_misc":{"Tiempo estimado de lectura":"1 minuto"},"schema":{"@context":"https:\/\/schema.org","@graph":[{"@type":"WebPage","@id":"https:\/\/martecpackaging.com\/es\/producto\/standar-cans-6-pack-handheld-applicator\/","url":"https:\/\/martecpackaging.com\/es\/producto\/standar-cans-6-pack-handheld-applicator\/","name":"Aplicador manual para 6 Pack Est\u00e1ndar - martec cancarriers","isPartOf":{"@id":"https:\/\/martecpackaging.com\/es\/#website"},"primaryImageOfPage":{"@id":"https:\/\/martecpackaging.com\/es\/producto\/standar-cans-6-pack-handheld-applicator\/#primaryimage"},"image":{"@id":"https:\/\/martecpackaging.com\/es\/producto\/standar-cans-6-pack-handheld-applicator\/#primaryimage"},"thumbnailUrl":"https:\/\/martecpackaging.com\/es\/wp-content\/uploads\/2023\/09\/9-1.png","datePublished":"2023-09-01T03:13:29+00:00","dateModified":"2025-04-04T15:46:54+00:00","breadcrumb":{"@id":"https:\/\/martecpackaging.com\/es\/producto\/standar-cans-6-pack-handheld-applicator\/#breadcrumb"},"inLanguage":"es-CL","potentialAction":[{"@type":"ReadAction","target":["https:\/\/martecpackaging.com\/es\/producto\/standar-cans-6-pack-handheld-applicator\/"]}]},{"@type":"ImageObject","inLanguage":"es-CL","@id":"https:\/\/martecpackaging.com\/es\/producto\/standar-cans-6-pack-handheld-applicator\/#primaryimage","url":"https:\/\/martecpackaging.com\/es\/wp-content\/uploads\/2023\/09\/9-1.png","contentUrl":"https:\/\/martecpackaging.com\/es\/wp-content\/uploads\/2023\/09\/9-1.png","width":1024,"height":1024},{"@type":"BreadcrumbList","@id":"https:\/\/martecpackaging.com\/es\/producto\/standar-cans-6-pack-handheld-applicator\/#breadcrumb","itemListElement":[{"@type":"ListItem","position":1,"name":"Home","item":"https:\/\/martecpackaging.com\/es\/"},{"@type":"ListItem","position":2,"name":"Tienda","item":"https:\/\/martecpackaging.com\/es\/shop\/"},{"@type":"ListItem","position":3,"name":"Aplicador manual para 6 Pack Est\u00e1ndar"}]},{"@type":"WebSite","@id":"https:\/\/martecpackaging.com\/es\/#website","url":"https:\/\/martecpackaging.com\/es\/","name":"martec cancarriers","description":"Eco-Friendly Can Carriers &amp; Packaging Solutions for Wineries, Breweries, and Beverage Businesses","publisher":{"@id":"https:\/\/martecpackaging.com\/es\/#organization"},"potentialAction":[{"@type":"SearchAction","target":{"@type":"EntryPoint","urlTemplate":"https:\/\/martecpackaging.com\/es\/?s={search_term_string}"},"query-input":"required name=search_term_string"}],"inLanguage":"es-CL"},{"@type":"Organization","@id":"https:\/\/martecpackaging.com\/es\/#organization","name":"martec cancarriers","url":"https:\/\/martecpackaging.com\/es\/","logo":{"@type":"ImageObject","inLanguage":"es-CL","@id":"https:\/\/martecpackaging.com\/es\/#\/schema\/logo\/image\/","url":"https:\/\/martecpackaging.com\/es\/wp-content\/uploads\/2023\/07\/logoBanner.png","contentUrl":"https:\/\/martecpackaging.com\/es\/wp-content\/uploads\/2023\/07\/logoBanner.png","width":700,"height":116,"caption":"martec cancarriers"},"image":{"@id":"https:\/\/martecpackaging.com\/es\/#\/schema\/logo\/image\/"},"sameAs":["https:\/\/www.facebook.com\/profile.php?id=100083569669405","https:\/\/www.instagram.com\/martec_cancarriers\/","https:\/\/www.linkedin.com\/company\/martec-cancarriers\/"]}]}},"_links":{"self":[{"href":"https:\/\/martecpackaging.com\/es\/wp-json\/wp\/v2\/product\/1068"}],"collection":[{"href":"https:\/\/martecpackaging.com\/es\/wp-json\/wp\/v2\/product"}],"about":[{"href":"https:\/\/martecpackaging.com\/es\/wp-json\/wp\/v2\/types\/product"}],"replies":[{"embeddable":true,"href":"https:\/\/martecpackaging.com\/es\/wp-json\/wp\/v2\/comments?post=1068"}],"wp:featuredmedia":[{"embeddable":true,"href":"https:\/\/martecpackaging.com\/es\/wp-json\/wp\/v2\/media\/1529"}],"wp:attachment":[{"href":"https:\/\/martecpackaging.com\/es\/wp-json\/wp\/v2\/media?parent=1068"}],"wp:term":[{"taxonomy":"product_cat","embeddable":true,"href":"https:\/\/martecpackaging.com\/es\/wp-json\/wp\/v2\/product_cat?post=1068"},{"taxonomy":"product_tag","embeddable":true,"href":"https:\/\/martecpackaging.com\/es\/wp-json\/wp\/v2\/product_tag?post=1068"}],"curies":[{"name":"wp","href":"https:\/\/api.w.org\/{rel}","templated":true}]}}